{"id":273,"date":"2014-12-03T20:47:07","date_gmt":"2014-12-03T20:47:07","guid":{"rendered":"http:\/\/inceco.fr\/wordpresswordpress\/?page_id=273"},"modified":"2015-02-19T10:35:53","modified_gmt":"2015-02-19T10:35:53","slug":"creation-dentreprise","status":"publish","type":"page","link":"http:\/\/inceco.fr\/wordpress\/creation-dentreprise","title":{"rendered":"Cr\u00e9ation d&rsquo;entreprise"},"content":{"rendered":"<p><div class=\"et_pb_section et_section_regular et_section_transparent\" style='background-image:url(http:\/\/inceco.fr\/wordpress\/wp-content\/uploads\/2014\/11\/accompagnement-creation-entreprise-ABAC91-expertise-comptable-montgeron-4.jpg);'>\r\n\t\t\t\r\n\t\t\t\r\n\t\t\t\t\r\n\t\t\t\t<div class=\"et_pb_row\">\r\n\t\t\t<div class=\"et_pb_column et_pb_column_1_2\">\r\n\t\t\t<div class=\"et_pb_testimonial et_pb_icon_off et_pb_testimonial_no_image et_pb_bg_layout_light et_pb_text_align_left clearfix\" style=\"background-color: #f5f5f5;\">\r\n\t\t\t\r\n\t\t\t<div class=\"et_pb_testimonial_description\">\r\n\t\t\t\t\n<p style=\"text-align: justify;\">D\u00e9marches administratives, choix de la forme juridique, choix du statut du dirigeant, recherche de financements priv\u00e9s et\/ou publics, embauche d&rsquo;un 1er salari\u00e9&#8230; La cr\u00e9ation d&rsquo;entreprise est un parcours passionnant mais bien souvent complexe et toujours d\u00e9cisif pour la suite. Elle r\u00e9clame par cons\u00e9quent un accompagnement personnalis\u00e9, r\u00e9actif et volontaire. <strong><em>INCECO<\/em><\/strong> est aux c\u00f4t\u00e9s des cr\u00e9ateurs d&rsquo;entreprise afin de les aider dans la r\u00e9ussite de leurs projets dans une relation de proximit\u00e9 propice \u00e0 la mise en place d&rsquo;un v\u00e9ritable partenariat gagnant. Forts de notre exp\u00e9rience nous sommes l\u00e0 pour vous accompagner tout au long de votre projet (et m\u00eame apr\u00e8s !).\r\n\t\t\t\t<strong class=\"et_pb_testimonial_author\"><\/strong>\r\n\t\t\t\t<p class=\"et_pb_testimonial_meta\"><\/p>\r\n\t\t\t<\/div> <!-- .et_pb_testimonial_description -->\r\n\t\t<\/div> <!-- .et_pb_testimonial -->\r\n\t\t<\/div> <!-- .et_pb_column --><div class=\"et_pb_column et_pb_column_1_2\">\r\n\t\t\t<div class=\"et_pb_text et_pb_bg_layout_light et_pb_text_align_left\">\r\n\t\t\t\r\n\t\t<\/div> <!-- .et_pb_text -->\r\n\t\t<\/div> <!-- .et_pb_column -->\r\n\t\t<\/div> <!-- .et_pb_row -->\r\n\t\t\t\r\n\t\t<\/div> <!-- .et_pb_section --><div class=\"et_pb_section et_section_regular\">\r\n\t\t\t\r\n\t\t\t\r\n\t\t\t\t\r\n\t\t\t\t<div class=\"et_pb_row\">\r\n\t\t\t<div class=\"et_pb_column et_pb_column_4_4\">\r\n\t\t\t<div class=\"et_pb_text et_pb_bg_layout_light et_pb_text_align_center\">\r\n\t\t\tTaux de survie des entreprises\r\n\t\t<\/div> <!-- .et_pb_text -->\r\n\t\t<\/div> <!-- .et_pb_column -->\r\n\t\t<\/div> <!-- .et_pb_row --><div class=\"et_pb_row\">\r\n\t\t\t<div class=\"et_pb_column et_pb_column_1_3\">\r\n\t\t\t<div class=\"et_pb_circle_counter container-width-change-notify et_pb_bg_layout_light\" data-number-value=\"91\" data-bar-bg-color=\"#dd3333\">\r\n\t\t\t\t<div class=\"percent\"><p><span class=\"percent-value\"><\/span>%<\/p><\/div>\r\n\t\t\t\t<h3>1 an apr\u00e8s leurs cr\u00e9ation<\/h3>\r\n\t\t<\/div><!-- .et_pb_circle_counter -->\r\n\t\t<\/div> <!-- .et_pb_column --><div class=\"et_pb_column et_pb_column_1_3\">\r\n\t\t\t<div class=\"et_pb_circle_counter container-width-change-notify et_pb_bg_layout_light\" data-number-value=\"66\" data-bar-bg-color=\"#dd3333\">\r\n\t\t\t\t<div class=\"percent\"><p><span class=\"percent-value\"><\/span>%<\/p><\/div>\r\n\t\t\t\t<h3>3 ans apr\u00e8s leur cr\u00e9ation<\/h3>\r\n\t\t<\/div><!-- .et_pb_circle_counter -->\r\n\t\t<\/div> <!-- .et_pb_column --><div class=\"et_pb_column et_pb_column_1_3\">\r\n\t\t\t<div class=\"et_pb_circle_counter container-width-change-notify et_pb_bg_layout_light\" data-number-value=\"52\" data-bar-bg-color=\"#dd3333\">\r\n\t\t\t\t<div class=\"percent\"><p><span class=\"percent-value\"><\/span>%<\/p><\/div>\r\n\t\t\t\t<h3>5 ans apr\u00e8s leur cr\u00e9ation<\/h3>\r\n\t\t<\/div><!-- .et_pb_circle_counter -->\r\n\t\t<\/div> <!-- .et_pb_column -->\r\n\t\t<\/div> <!-- .et_pb_row --><div class=\"et_pb_row\">\r\n\t\t\t<div class=\"et_pb_column et_pb_column_4_4\">\r\n\t\t\t<div class=\"et_pb_text et_pb_bg_layout_light et_pb_text_align_right\">\r\n\t\t\t<em>Source : Insee<\/em><\/p>\n<p>\u00a0<\/p>\n<p>\u00a0<\/p>\n<p style=\"text-align: justify;\">Les d\u00e9faillances des entreprises sont g\u00e9n\u00e9ralement pr\u00e9visibles et seule la pr\u00e9vention\u00a0des difficult\u00e9s a pour but d\u2019amener un dirigeant \u00e0 prendre conscience de la situation\u00a0actuelle et de l\u2019\u00e9volution de son entreprise. La pr\u00e9vention est donc consid\u00e9r\u00e9e comme\u00a0un enjeu majeur de la p\u00e9rennit\u00e9 des entreprises.<br \/> Depuis des ann\u00e9es, diff\u00e9rents moyens ont \u00e9t\u00e9 mis en \u0153uvre pour permettre de mieux\u00a0d\u00e9tecter les difficult\u00e9s d\u2019une entreprise. Le r\u00f4le de l&rsquo;expert comptable est alors d&rsquo;assister le chef d&rsquo;entreprise pour pr\u00e9server son entreprise et la faire grandir de fa\u00e7on p\u00e9renne.<\/p>\n\r\n\t\t<\/div> <!-- .et_pb_text -->\r\n\t\t<\/div> <!-- .et_pb_column -->\r\n\t\t<\/div> <!-- .et_pb_row -->\r\n\t\t\t\r\n\t\t<\/div> <!-- .et_pb_section --><div class=\"et_pb_section et_section_regular\" style='background-color:#dd3333;'>\r\n\t\t\t\r\n\t\t\t\r\n\t\t\t\t\r\n\t\t\t\t<div class=\"et_pb_row\">\r\n\t\t\t<div class=\"et_pb_column et_pb_column_2_3\">\r\n\t\t\t<div class=\"et_pb_text et_pb_bg_layout_dark et_pb_text_align_left\">\r\n\t\t\t\n<p style=\"text-align: justify;\">La cr\u00e9ation d\u2019entreprise c&rsquo;est une bonne id\u00e9e que l&rsquo;on confronte \u00e0 la r\u00e9alit\u00e9 du march\u00e9. Il faut se poser les bonnes questions, savoir s&rsquo;entourer et pr\u00e9parer son projet patiemment pour garantir sa viabilit\u00e9.<\/p>\n<p>Si un projet de cr\u00e9ation d&rsquo;entreprise d\u00e9marre toujours par une bonne id\u00e9e, la connaissance de l&rsquo;environnement, du secteur d&rsquo;activit\u00e9 et du march\u00e9 dans lequel on compte s&rsquo;ins\u00e9rer est primordiale pour d\u00e9marrer . Cr\u00e9ativit\u00e9 et innovation sont de bons atouts, mais il ne suffit pas d\u2019avoir une id\u00e9e originale de biens ou de services, il est indispensable de v\u00e9rifier qu\u2019il existe bien un march\u00e9 pour celle-ci et qu&rsquo;\u00e0 terme l&rsquo;entreprise sera rentable.<\/p>\n\r\n\t\t<\/div> <!-- .et_pb_text -->\r\n\t\t<\/div> <!-- .et_pb_column --><div class=\"et_pb_column et_pb_column_1_3\">\r\n\t\t\t<img decoding=\"async\" src=\"http:\/\/inceco.fr\/wordpress\/wp-content\/uploads\/2014\/12\/ecommerce-idea-icon.png\" alt=\"\" class=\"et-waypoint et_pb_image et_pb_animation_right\" \/>\r\n\t\t<\/div> <!-- .et_pb_column -->\r\n\t\t<\/div> <!-- .et_pb_row -->\r\n\t\t\t\r\n\t\t<\/div> <!-- .et_pb_section --><div class=\"et_pb_section et_section_regular\" style='background-color:#ffffff;'>\r\n\t\t\t\r\n\t\t\t\r\n\t\t\t\t\r\n\t\t\t\t<div class=\"et_pb_row\">\r\n\t\t\t<div class=\"et_pb_column et_pb_column_1_3\">\r\n\t\t\t<img decoding=\"async\" src=\"http:\/\/inceco.fr\/wordpress\/wp-content\/uploads\/2014\/12\/ecommerce-handshake-icon.png\" alt=\"\" class=\"et-waypoint et_pb_image et_pb_animation_fade_in et_pb_image_sticky\" \/>\r\n\t\t<\/div> <!-- .et_pb_column --><div class=\"et_pb_column et_pb_column_2_3\">\r\n\t\t\t<div class=\"et_pb_text et_pb_bg_layout_light et_pb_text_align_left\">\r\n\t\t\t\n<p><strong>Consacrez-vous au d\u00e9veloppement de votre projet ! INCECO s&rsquo;occupe du reste !<\/strong><\/p>\n<p>\u2022 Etude de faisabilit\u00e9 de votre projet (\u00e9tudes pr\u00e9alables)<br \/> \u2022 Assistance au choix du statut juridique, fiscal et social optimal<br \/> \u2022 Aide \u00e0 la recherche de financements (d\u00e9finition de votre besoin de financement, conseil sur les aides sp\u00e9cifiques auxquelles vous avez droit, n\u00e9gociation avec votre organisme financier&#8230;)<br \/> \u2022 R\u00e9alisation de vos d\u00e9marches administratives (d\u00e9clarations, enregistrements)<br \/> \u2022 Embauche de vos premiers salari\u00e9s (r\u00e9daction des contrats de travail, \u00e9tablissement des d\u00e9clarations sociales, choix de la convention collective&#8230;)<br \/> \u2022 Mise en place d\u2019outils de gestion (tableaux de bord, aide au pilotage\u2026)<br \/> \u2022 Aide \u00e0 la mise en place de votre organisation administrative et comptable<br \/> \u2022 Budgets pr\u00e9visionnels<br \/> \u2022 Pilotage des premiers mois de votre activit\u00e9 (encadrement, suivi et formations en mati\u00e8res comptable, fiscale et sociale\u2026)<\/p>\n\r\n\t\t<\/div> <!-- .et_pb_text -->\r\n\t\t<\/div> <!-- .et_pb_column -->\r\n\t\t<\/div> <!-- .et_pb_row -->\r\n\t\t\t\r\n\t\t<\/div> <!-- .et_pb_section --><div class=\"et_pb_section et_pb_section_parallax et_section_regular\" style='background-color:#dd3333;'>\r\n\t\t\t\r\n\t\t\t\r\n\t\t\t\t\r\n\t\t\t\t<div class=\"et_pb_row\">\r\n\t\t\t<div class=\"et_pb_column et_pb_column_4_4\">\r\n\t\t\t<div class=\"et_pb_promo et_pb_bg_layout_dark et_pb_text_align_center\" style=\"background-color: #dd3333;\">\r\n\t\t\t<div class=\"et_pb_promo_description\">\r\n\t\t\t\t<h2>Contactez-nous<\/h2>\r\n\t\t\t\t\n<p>N&rsquo;h\u00e9sitez pas \u00e0 nous contacter, pour toute demande d&rsquo;informations ou de devis !<\/p>\n\r\n\t\t\t<\/div>\r\n\t\t\t<a class=\"et_pb_promo_button\" href=\"http:\/\/inceco.fr\/contact\">Email<\/a>\r\n\t\t<\/div>\r\n\t\t<\/div> <!-- .et_pb_column -->\r\n\t\t<\/div> <!-- .et_pb_row -->\r\n\t\t\t\r\n\t\t<\/div> <!-- .et_pb_section --><\/p>\n","protected":false},"excerpt":{"rendered":"","protected":false},"author":1,"featured_media":0,"parent":0,"menu_order":4,"comment_status":"open","ping_status":"closed","template":"","meta":{"footnotes":""},"class_list":["post-273","page","type-page","status-publish","hentry"],"_links":{"self":[{"href":"http:\/\/inceco.fr\/wordpress\/wp-json\/wp\/v2\/pages\/273"}],"collection":[{"href":"http:\/\/inceco.fr\/wordpress\/wp-json\/wp\/v2\/pages"}],"about":[{"href":"http:\/\/inceco.fr\/wordpress\/wp-json\/wp\/v2\/types\/page"}],"author":[{"embeddable":true,"href":"http:\/\/inceco.fr\/wordpress\/wp-json\/wp\/v2\/users\/1"}],"replies":[{"embeddable":true,"href":"http:\/\/inceco.fr\/wordpress\/wp-json\/wp\/v2\/comments?post=273"}],"version-history":[{"count":22,"href":"http:\/\/inceco.fr\/wordpress\/wp-json\/wp\/v2\/pages\/273\/revisions"}],"predecessor-version":[{"id":414,"href":"http:\/\/inceco.fr\/wordpress\/wp-json\/wp\/v2\/pages\/273\/revisions\/414"}],"wp:attachment":[{"href":"http:\/\/inceco.fr\/wordpress\/wp-json\/wp\/v2\/media?parent=273"}],"curies":[{"name":"wp","href":"https:\/\/api.w.org\/{rel}","templated":true}]}}