{"id":322,"date":"2014-12-04T23:06:06","date_gmt":"2014-12-04T23:06:06","guid":{"rendered":"http:\/\/inceco.fr\/wordpresswordpress\/?page_id=322"},"modified":"2015-02-19T10:36:30","modified_gmt":"2015-02-19T10:36:30","slug":"social","status":"publish","type":"page","link":"http:\/\/inceco.fr\/wordpress\/social","title":{"rendered":"Social"},"content":{"rendered":"<p><div class=\"et_pb_section et_section_regular\" style='background-color:#ffffff;'>\r\n\t\t\t\r\n\t\t\t\r\n\t\t\t\t\r\n\t\t\t\t<div class=\"et_pb_row\">\r\n\t\t\t<div class=\"et_pb_column et_pb_column_1_2\">\r\n\t\t\t<img decoding=\"async\" src=\"http:\/\/inceco.fr\/wordpress\/wp-content\/uploads\/2014\/12\/social.jpg\" alt=\"\" class=\"et-waypoint et_pb_image et_pb_animation_left\" \/>\r\n\t\t<\/div> <!-- .et_pb_column --><div class=\"et_pb_column et_pb_column_1_2\">\r\n\t\t\t<div class=\"et_pb_text et_pb_bg_layout_light et_pb_text_align_left\">\r\n\t\t\t\n<p style=\"text-align: justify;\">Face \u00e0 la complexit\u00e9 de la paie et au strict formalisme de la mati\u00e8re sociale, le chef d\u2019entreprise doit se faire accompagner pour \u00e9viter les conflits avec son personnel. Notre expertise dans ce domaine nous permet de vous accompagner et de vous pr\u00e9munir des risques li\u00e9s \u00e0 la gestion des ressources humaines.<\/p>\n\r\n\t\t<\/div> <!-- .et_pb_text -->\r\n\t\t<\/div> <!-- .et_pb_column -->\r\n\t\t<\/div> <!-- .et_pb_row -->\r\n\t\t\t\r\n\t\t<\/div> <!-- .et_pb_section --><div class=\"et_pb_section et_section_regular\" style='background-color:#f7f7f7;'>\r\n\t\t\t\r\n\t\t\t\r\n\t\t\t\t\r\n\t\t\t\t<div class=\"et_pb_row\">\r\n\t\t\t<div class=\"et_pb_column et_pb_column_2_3\">\r\n\t\t\t<div class=\"et_pb_text et_pb_bg_layout_light et_pb_text_align_left\">\r\n\t\t\t\n<p><strong>Nous pouvons traiter l\u2019int\u00e9gralit\u00e9 de la fonction paie d\u2019une entreprise.<\/strong><br \/> En externalisant via nos services, vous offrez \u00e0 votre entreprise davantage de s\u00e9curit\u00e9, de temps et pouvez vous consacrer \u00e0 votre m\u00e9tier.<\/p>\n<p><strong>Vous maitrisez la confidentialit\u00e9 des paies en \u00e9vitant qu\u2019elles ne circulent dans l\u2019entreprise.<\/strong><br \/> Gr\u00e2ce \u00e0 notre service paie d\u00e9di\u00e9 et disponible \u00e0 tout moment, vous \u00eates assur\u00e9 de respecter les dates convenues et ainsi satisfaire \u00e0 toutes vos obligations en tant qu\u2019employeur.<\/p>\n<ul>\n<li>R\u00e9alisation des bulletins de paie<\/li>\n<li>Calcul des cotisations sociales et \u00e9tablissement des bordereaux de charges<\/li>\n<li>D\u00e9clarations annuelles DADS, DADS-U, Caisses de retraite, etc<\/li>\n<\/ul>\n<h2>\u00a0<\/h2>\n\r\n\t\t<\/div> <!-- .et_pb_text -->\r\n\t\t<\/div> <!-- .et_pb_column --><div class=\"et_pb_column et_pb_column_1_3\">\r\n\t\t\t<img decoding=\"async\" src=\"http:\/\/inceco.fr\/wordpress\/wp-content\/uploads\/2014\/12\/very-basic-calculator-icon.png\" alt=\"\" class=\"et-waypoint et_pb_image et_pb_animation_right\" \/>\r\n\t\t<\/div> <!-- .et_pb_column -->\r\n\t\t<\/div> <!-- .et_pb_row -->\r\n\t\t\t\r\n\t\t<\/div> <!-- .et_pb_section --><div class=\"et_pb_section et_section_regular\" style='background-color:#dd3333;'>\r\n\t\t\t\r\n\t\t\t\r\n\t\t\t\t\r\n\t\t\t\t<div class=\"et_pb_row\">\r\n\t\t\t<div class=\"et_pb_column et_pb_column_1_3\">\r\n\t\t\t<img decoding=\"async\" src=\"http:\/\/inceco.fr\/wordpress\/wp-content\/uploads\/2014\/12\/very-basic-document-icon.png\" alt=\"\" class=\"et-waypoint et_pb_image et_pb_animation_fade_in et_pb_image_sticky\" \/>\r\n\t\t<\/div> <!-- .et_pb_column --><div class=\"et_pb_column et_pb_column_2_3\">\r\n\t\t\t<div class=\"et_pb_text et_pb_bg_layout_dark et_pb_text_align_left\">\r\n\t\t\t\n<h2>\u00a0<\/h2>\n<h2>Nous r\u00e9alisons \u00e9galement d\u2019autres prestations :<\/h2>\n<ul>\n<li>D\u00e9claration pr\u00e9alable \u00e0 l&#8217;embauche (D.P.A.E)<\/li>\n<li>Attestations de salaire<\/li>\n<li>Certificat de travail<\/li>\n<li>Attestation\u00a0P\u00f4le emploi<\/li>\n<\/ul>\n<h2>\u00a0<\/h2>\n\r\n\t\t<\/div> <!-- .et_pb_text -->\r\n\t\t<\/div> <!-- .et_pb_column -->\r\n\t\t<\/div> <!-- .et_pb_row -->\r\n\t\t\t\r\n\t\t<\/div> <!-- .et_pb_section --><div class=\"et_pb_section et_section_regular\" style='background-color:#f7f7f7;'>\r\n\t\t\t\r\n\t\t\t\r\n\t\t\t\t\r\n\t\t\t\t<div class=\"et_pb_row\">\r\n\t\t\t<div class=\"et_pb_column et_pb_column_2_3\">\r\n\t\t\t<div class=\"et_pb_text et_pb_bg_layout_light et_pb_text_align_left\">\r\n\t\t\t\n<h2>Enfin, nous pouvons \u00e9galement intervenir dans les domaines suivants :<\/h2>\n<ul>\n<li>Assistance \u00e0 la r\u00e9daction d\u2019un contrat de travail<\/li>\n<li>Assistance lors de l\u2019embauche d\u2019un salari\u00e9<\/li>\n<li>Assistance lors du licenciement d\u2019un salari\u00e9<\/li>\n<li>Assistance sur contr\u00f4le et n\u00e9gociation avec l\u2019URSSAF et des caisses de retraites<\/li>\n<li>V\u00e9rification de l\u2019argumentaire de paye en vue d\u2019appliquer des conventions collectives complexes<\/li>\n<li>Analyse et r\u00e9vision des payes pour des missions sociales ponctuelles d\u2019Experts-Comptables et de Commissaires aux Comptes<\/li>\n<li>Validation des payes \u00e9tablies en interne par nos clients<\/li>\n<li>Formation et accompagnement de collaborateurs d\u2019entreprise voulant se sp\u00e9cialiser en Paye et Social<\/li>\n<\/ul>\n<p>\u00a0<\/p>\n\r\n\t\t<\/div> <!-- .et_pb_text -->\r\n\t\t<\/div> <!-- .et_pb_column --><div class=\"et_pb_column et_pb_column_1_3\">\r\n\t\t\t<img decoding=\"async\" src=\"http:\/\/inceco.fr\/wordpress\/wp-content\/uploads\/2014\/11\/phones-conference-call-icon.png\" alt=\"\" class=\"et-waypoint et_pb_image et_pb_animation_right\" \/>\r\n\t\t<\/div> <!-- .et_pb_column -->\r\n\t\t<\/div> <!-- .et_pb_row -->\r\n\t\t\t\r\n\t\t<\/div> <!-- .et_pb_section --><div class=\"et_pb_section et_pb_section_parallax et_section_regular\" style='background-color:#dd3333;'>\r\n\t\t\t\r\n\t\t\t\r\n\t\t\t\t\r\n\t\t\t\t<div class=\"et_pb_row\">\r\n\t\t\t<div class=\"et_pb_column et_pb_column_4_4\">\r\n\t\t\t<div class=\"et_pb_promo et_pb_bg_layout_dark et_pb_text_align_center\" style=\"background-color: #dd3333;\">\r\n\t\t\t<div class=\"et_pb_promo_description\">\r\n\t\t\t\t<h2>Contactez-nous<\/h2>\r\n\t\t\t\t\n<p>N&rsquo;h\u00e9sitez pas \u00e0 nous contacter, pour toute demande d&rsquo;informations ou de devis !<\/p>\n\r\n\t\t\t<\/div>\r\n\t\t\t<a class=\"et_pb_promo_button\" href=\"http:\/\/inceco.fr\/contact\">Email<\/a>\r\n\t\t<\/div>\r\n\t\t<\/div> <!-- .et_pb_column -->\r\n\t\t<\/div> <!-- .et_pb_row -->\r\n\t\t\t\r\n\t\t<\/div> <!-- .et_pb_section --><\/p>\n","protected":false},"excerpt":{"rendered":"","protected":false},"author":1,"featured_media":0,"parent":0,"menu_order":5,"comment_status":"open","ping_status":"closed","template":"","meta":{"footnotes":""},"class_list":["post-322","page","type-page","status-publish","hentry"],"_links":{"self":[{"href":"http:\/\/inceco.fr\/wordpress\/wp-json\/wp\/v2\/pages\/322"}],"collection":[{"href":"http:\/\/inceco.fr\/wordpress\/wp-json\/wp\/v2\/pages"}],"about":[{"href":"http:\/\/inceco.fr\/wordpress\/wp-json\/wp\/v2\/types\/page"}],"author":[{"embeddable":true,"href":"http:\/\/inceco.fr\/wordpress\/wp-json\/wp\/v2\/users\/1"}],"replies":[{"embeddable":true,"href":"http:\/\/inceco.fr\/wordpress\/wp-json\/wp\/v2\/comments?post=322"}],"version-history":[{"count":10,"href":"http:\/\/inceco.fr\/wordpress\/wp-json\/wp\/v2\/pages\/322\/revisions"}],"predecessor-version":[{"id":415,"href":"http:\/\/inceco.fr\/wordpress\/wp-json\/wp\/v2\/pages\/322\/revisions\/415"}],"wp:attachment":[{"href":"http:\/\/inceco.fr\/wordpress\/wp-json\/wp\/v2\/media?parent=322"}],"curies":[{"name":"wp","href":"https:\/\/api.w.org\/{rel}","templated":true}]}}