{"id":78,"date":"2014-11-30T12:56:22","date_gmt":"2014-11-30T12:56:22","guid":{"rendered":"http:\/\/inceco.fr\/wordpresswordpress\/?page_id=78"},"modified":"2015-02-19T10:33:55","modified_gmt":"2015-02-19T10:33:55","slug":"conseil","status":"publish","type":"page","link":"http:\/\/inceco.fr\/wordpress\/conseil","title":{"rendered":"Conseil"},"content":{"rendered":"<p><div class=\"et_pb_section et_section_regular\" style='background-color:#ffffff;'>\r\n\t\t\t\r\n\t\t\t\r\n\t\t\t\t\r\n\t\t\t\t<div class=\"et_pb_row\">\r\n\t\t\t<div class=\"et_pb_column et_pb_column_1_2\">\r\n\t\t\t<img decoding=\"async\" src=\"http:\/\/inceco.fr\/wordpress\/wp-content\/uploads\/2014\/11\/conseil-rouge.jpg\" alt=\"\" class=\"et-waypoint et_pb_image et_pb_animation_left\" \/>\r\n\t\t<\/div> <!-- .et_pb_column --><div class=\"et_pb_column et_pb_column_1_2\">\r\n\t\t\t<div class=\"et_pb_text et_pb_bg_layout_light et_pb_text_align_left\">\r\n\t\t\t\n<p style=\"text-align: justify;\">Votre expert-comptable est un sp\u00e9cialiste pluridisciplinaire et dispose de comp\u00e9tences \u00e9tendues pour vous suivre et vous conseiller durant toute la vie de votre entreprise. <strong><em>INCECO\u00a0<\/em><\/strong>met \u00e0 votre disposition un savoir-faire reconnu en mati\u00e8re financi\u00e8re, sociale, juridique, informatique et patrimoniale. En relation constante avec les organes d\u00e9cisionnels de votre entreprise, nous vous assurons une prestation fiable et rapide ainsi qu&rsquo;un conseil permanent dans les domaines cruciaux de la vie de votre entreprise. Nous nous impliquons directement dans votre strat\u00e9gie de r\u00e9ussite et nous engageons \u00e0 vos c\u00f4t\u00e9s afin de contribuer \u00e0 faire de votre structure une entreprise dynamique et adapt\u00e9e aux besoins de votre client\u00e8le.<\/p>\n\r\n\t\t<\/div> <!-- .et_pb_text -->\r\n\t\t<\/div> <!-- .et_pb_column -->\r\n\t\t<\/div> <!-- .et_pb_row -->\r\n\t\t\t\r\n\t\t<\/div> <!-- .et_pb_section --><div class=\"et_pb_section et_section_regular\" style='background-color:#dd3333;'>\r\n\t\t\t\r\n\t\t\t\r\n\t\t\t\t\r\n\t\t\t\t<div class=\"et_pb_row\">\r\n\t\t\t<div class=\"et_pb_column et_pb_column_2_3\">\r\n\t\t\t<div class=\"et_pb_promo et_pb_bg_layout_dark et_pb_text_align_left et_pb_no_bg\">\r\n\t\t\t<div class=\"et_pb_promo_description\">\r\n\t\t\t\t\r\n\t\t\t\t\n<div dir=\"ltr\">\n<p><em><strong>Conseil Financier<\/strong><\/em><\/p>\n<div><strong>\u00a0Domaines d\u2019expertise\u00a0<\/strong><\/div>\n<\/div>\n<div dir=\"ltr\">\n<ul>\n<li>Budget : d\u00e9finir et mettre en place un cadre budg\u00e9taire annuel et un mode de suivi<\/li>\n<li>Pilotage financier : mettre en place des processus et des outils de suivi des revenus et des co\u00fbts<\/li>\n<li>Tr\u00e9sorerie : gestion des engagements, pr\u00e9visions mensuelles, tableau de flux<\/li>\n<li>Contr\u00f4le interne : s\u00e9curiser les processus et mettre en place des r\u00e8gles et des proc\u00e9dures internes<\/li>\n<li>Business plan : d\u00e9cliner le plan strat\u00e9gique en pr\u00e9vision d\u2019activit\u00e9s, de r\u00e9sultat et de flux de tr\u00e9sorerie<\/li>\n<\/ul>\n<\/div>\n<p><b>Vous aider \u00e0 des moments cl\u00e9s et faire progresser vos \u00e9quipes<\/b><\/p>\n<ul>\n<li>Le lancement de nouvelles activit\u00e9s<\/li>\n<li>L\u2019acquisition de soci\u00e9t\u00e9s en France et \u00e0 l\u2019\u00e9tranger<\/li>\n<li>L\u2019adaptation des structures et de l\u2019organisation \u00e0 l\u2019\u00e9volution de l\u2019entreprise<\/li>\n<li>La lev\u00e9e ou la ren\u00e9gociation de ressources financi\u00e8res<\/li>\n<li>La restructuration et gestion du retournement<\/li>\n<\/ul>\n<p>\u00a0<\/p>\n<p>\u00a0<\/p>\n\r\n\t\t\t<\/div>\r\n\t\t\t\r\n\t\t<\/div>\r\n\t\t<\/div> <!-- .et_pb_column --><div class=\"et_pb_column et_pb_column_1_3\">\r\n\t\t\t<img decoding=\"async\" src=\"http:\/\/inceco.fr\/wordpress\/wp-content\/uploads\/2014\/12\/charts-combo-icon.png\" alt=\"\" class=\"et-waypoint et_pb_image et_pb_animation_top\" \/>\r\n\t\t<\/div> <!-- .et_pb_column -->\r\n\t\t<\/div> <!-- .et_pb_row -->\r\n\t\t\t\r\n\t\t<\/div> <!-- .et_pb_section --><div class=\"et_pb_section et_section_regular\">\r\n\t\t\t\r\n\t\t\t\r\n\t\t\t\t\r\n\t\t\t\t<div class=\"et_pb_row\">\r\n\t\t\t<div class=\"et_pb_column et_pb_column_1_3\">\r\n\t\t\t<img decoding=\"async\" src=\"http:\/\/inceco.fr\/wordpress\/wp-content\/uploads\/2014\/11\/phones-conference-call-icon.png\" alt=\"\" class=\"et-waypoint et_pb_image et_pb_animation_left et_pb_image_sticky\" \/>\r\n\t\t<\/div> <!-- .et_pb_column --><div class=\"et_pb_column et_pb_column_2_3\">\r\n\t\t\t<div class=\"et_pb_text et_pb_bg_layout_light et_pb_text_align_left\">\r\n\t\t\t\n<p><strong>Conseil en organisation et recrutement<\/strong><\/p>\n<p>\u00a0<\/p>\n<p>Accompagner les organisations dans leur croissance, leur mutation &amp; leur transmission en int\u00e9grant la notion de Capital Humain.<\/p>\n<p>Accompagner vos recrutements au niveau du comit\u00e9 de direction et de vos futurs Cadres Dirigeants<\/p>\n<p>Accompagner vos Cadres Dirigeants sur un repositionnement de carri\u00e8re : Manager Salari\u00e9 ou de Transition, Cr\u00e9ateur ou Repreneur d\u2019entreprise<\/p>\n<ul>\n<li>Management des organisations<\/li>\n<li>Accompagner la gestion de vos talents dans votre organisation<\/li>\n<li>Evaluation de la motivation et de l\u2019efficacit\u00e9 de vos \u00e9quipes<\/li>\n<li>Mise en place et accompagnement du plan d\u2019action<\/li>\n<\/ul>\n<p>\u00a0<\/p>\n<p>\u00a0<\/p>\n<p>\u00a0<\/p>\n<p style=\"text-align: justify;\">\r\n\t\t<\/div> <!-- .et_pb_text -->\r\n\t\t<\/div> <!-- .et_pb_column -->\r\n\t\t<\/div> <!-- .et_pb_row -->\r\n\t\t\t\r\n\t\t<\/div> <!-- .et_pb_section --><div class=\"et_pb_section et_section_regular\" style='background-color:#dd3333;'>\r\n\t\t\t\r\n\t\t\t\r\n\t\t\t\t\r\n\t\t\t\t<div class=\"et_pb_row\">\r\n\t\t\t<div class=\"et_pb_column et_pb_column_2_3\">\r\n\t\t\t<div class=\"et_pb_text et_pb_bg_layout_dark et_pb_text_align_left\">\r\n\t\t\t<strong>Gestion fiscale et patrimoniale des personnes physiques<\/strong><\/p>\n<p style=\"text-align: justify;\">Nos experts vous accompagne dans la dur\u00e9e. La mission de conseil sur la gestion patrimoniale est conduite en parall\u00e8le mais en liaison avec les missions de conseil sur l\u2019entreprise.<\/p>\n<p style=\"text-align: justify;\">La strat\u00e9gie sera adapt\u00e9e en fonction de l\u2019\u00e9volution de la composition familiale et de l\u2019\u00e2ge, de votre entreprise, de votre patrimoine priv\u00e9 et des variables fiscales.<\/p>\n<p>Une r\u00e9ponse \u00e0 des besoins sp\u00e9cifiques:<\/p>\n<ul>\n<li>Investissement immobilier personnel<\/li>\n<li>Investissement immobilier professionnel<\/li>\n<li>Cession d\u2019actifs et r\u00e9investissements<\/li>\n<\/ul>\n<p style=\"text-align: justify;\">\r\n\t\t<\/div> <!-- .et_pb_text -->\r\n\t\t<\/div> <!-- .et_pb_column --><div class=\"et_pb_column et_pb_column_1_3\">\r\n\t\t\t<img decoding=\"async\" src=\"http:\/\/inceco.fr\/wordpress\/wp-content\/uploads\/2014\/12\/1418048528_moneybox.png\" alt=\"\" class=\"et-waypoint et_pb_image et_pb_animation_right\" \/>\r\n\t\t<\/div> <!-- .et_pb_column -->\r\n\t\t<\/div> <!-- .et_pb_row -->\r\n\t\t\t\r\n\t\t<\/div> <!-- .et_pb_section --><div class=\"et_pb_section et_section_regular\" style='background-color:#ffffff;'>\r\n\t\t\t\r\n\t\t\t\r\n\t\t\t\t\r\n\t\t\t\t<div class=\"et_pb_row\">\r\n\t\t\t<div class=\"et_pb_column et_pb_column_1_3\">\r\n\t\t\t<img decoding=\"async\" src=\"http:\/\/inceco.fr\/wordpress\/wp-content\/uploads\/2014\/11\/management-statistics-icon.png\" alt=\"\" class=\"et-waypoint et_pb_image et_pb_animation_fade_in et_pb_image_sticky\" \/>\r\n\t\t<\/div> <!-- .et_pb_column --><div class=\"et_pb_column et_pb_column_2_3\">\r\n\t\t\t<div class=\"et_pb_text et_pb_bg_layout_light et_pb_text_align_left\">\r\n\t\t\t\n<p><strong>Consolidation et Reporting groupe<\/strong><\/p>\n<p>Avec son \u00e9quipe d\u00e9di\u00e9e, INCECO intervient soit en assistance de vos \u00e9quipes soit en externalisation totale, en int\u00e9grant \u00e0 chaque fois les \u00e9l\u00e9ments cl\u00e9s suivants :<\/p>\n<ul>\n<li>Un planning d\u2019arr\u00eat\u00e9 des comptes sociaux rigoureux,<\/li>\n<li>Un processus de remont\u00e9e d\u2019informations homog\u00e8ne et exhaustif,<\/li>\n<li>Une documentation justifiant les op\u00e9rations de consolidation<\/li>\n<li>Maitriser des environnements et syst\u00e8mes h\u00e9t\u00e9rog\u00e8nes et d\u00e9centralis\u00e9s<\/li>\n<li>R\u00e9concilier les donn\u00e9es de gestion du reporting avec les comptes consolid\u00e9s semestriels et annuels<\/li>\n<li>Adapter les donn\u00e9es comptables au format du reporting groupe<\/li>\n<li>Conception et automatisation des processus avec des consultants syst\u00e8mes<\/li>\n<li>Int\u00e9gration des pr\u00e9visions budg\u00e9taires avec les donn\u00e9es du reporting<\/li>\n<\/ul>\n<p style=\"text-align: justify;\">\r\n\t\t<\/div> <!-- .et_pb_text -->\r\n\t\t<\/div> <!-- .et_pb_column -->\r\n\t\t<\/div> <!-- .et_pb_row -->\r\n\t\t\t\r\n\t\t<\/div> <!-- .et_pb_section --><div class=\"et_pb_section et_pb_section_parallax et_section_regular\" style='background-color:#dd3333;'>\r\n\t\t\t\r\n\t\t\t\r\n\t\t\t\t\r\n\t\t\t\t<div class=\"et_pb_row\">\r\n\t\t\t<div class=\"et_pb_column et_pb_column_4_4\">\r\n\t\t\t<div class=\"et_pb_promo et_pb_bg_layout_dark et_pb_text_align_center\" style=\"background-color: #dd3333;\">\r\n\t\t\t<div class=\"et_pb_promo_description\">\r\n\t\t\t\t<h2>Contactez-nous<\/h2>\r\n\t\t\t\t\n<p>N&rsquo;h\u00e9sitez pas \u00e0 nous contacter, pour toute demande d&rsquo;informations ou de devis !<\/p>\n\r\n\t\t\t<\/div>\r\n\t\t\t<a class=\"et_pb_promo_button\" href=\"http:\/\/inceco.fr\/contact\">Email<\/a>\r\n\t\t<\/div>\r\n\t\t<\/div> <!-- .et_pb_column -->\r\n\t\t<\/div> <!-- .et_pb_row -->\r\n\t\t\t\r\n\t\t<\/div> <!-- .et_pb_section --><\/p>\n","protected":false},"excerpt":{"rendered":"","protected":false},"author":1,"featured_media":0,"parent":0,"menu_order":1,"comment_status":"open","ping_status":"closed","template":"","meta":{"footnotes":""},"class_list":["post-78","page","type-page","status-publish","hentry"],"_links":{"self":[{"href":"http:\/\/inceco.fr\/wordpress\/wp-json\/wp\/v2\/pages\/78"}],"collection":[{"href":"http:\/\/inceco.fr\/wordpress\/wp-json\/wp\/v2\/pages"}],"about":[{"href":"http:\/\/inceco.fr\/wordpress\/wp-json\/wp\/v2\/types\/page"}],"author":[{"embeddable":true,"href":"http:\/\/inceco.fr\/wordpress\/wp-json\/wp\/v2\/users\/1"}],"replies":[{"embeddable":true,"href":"http:\/\/inceco.fr\/wordpress\/wp-json\/wp\/v2\/comments?post=78"}],"version-history":[{"count":54,"href":"http:\/\/inceco.fr\/wordpress\/wp-json\/wp\/v2\/pages\/78\/revisions"}],"predecessor-version":[{"id":411,"href":"http:\/\/inceco.fr\/wordpress\/wp-json\/wp\/v2\/pages\/78\/revisions\/411"}],"wp:attachment":[{"href":"http:\/\/inceco.fr\/wordpress\/wp-json\/wp\/v2\/media?parent=78"}],"curies":[{"name":"wp","href":"https:\/\/api.w.org\/{rel}","templated":true}]}}